{"id":1781,"date":"2025-02-01T21:02:22","date_gmt":"2025-02-01T20:02:22","guid":{"rendered":"https:\/\/ficedula.pl\/?page_id=1781"},"modified":"2025-02-01T21:02:22","modified_gmt":"2025-02-01T20:02:22","slug":"nasi-edukatorzy","status":"publish","type":"page","link":"https:\/\/ficedula.pl\/index.php\/nasi-edukatorzy\/","title":{"rendered":"Nasi edukatorzy"},"content":{"rendered":"<figure id=\"attachment_1782\" aria-describedby=\"caption-attachment-1782\" style=\"width: 300px\" class=\"wp-caption alignleft\"><a href=\"http:\/\/ficedula.pl\/wp-content\/uploads\/2025\/02\/Zuza-e1738438873989.jpg\"><img loading=\"lazy\" decoding=\"async\" class=\"size-medium wp-image-1782\" src=\"http:\/\/ficedula.pl\/wp-content\/uploads\/2025\/02\/Zuza-300x201.jpg\" alt=\"Zuza Wyka\" width=\"300\" height=\"201\" \/><\/a><figcaption id=\"caption-attachment-1782\" class=\"wp-caption-text\">Zuza Wyka<\/figcaption><\/figure>\n<p><strong>Zuza Wyka<\/strong> &#8211; mgr in\u017c. le\u015bnictwa, absolwentka Wydzia\u0142u Le\u015bnego na Uniwersytecie Rolniczym w Krakowie (2019), uko\u0144czone studia podyplomowe z zakresu przygotowania pedagogicznego (2023), zawodowo starsza specjalistka ds. edukacji w \u015awi\u0119tokrzyskim Parku Narodowym, a wcze\u015bniej pracowniczka Nadle\u015bnictwa Starachowice, zajmuj\u0105ca si\u0119 edukacj\u0105 i ochron\u0105 przyrody, dodatkowo wykonawca monitoringu nadobnicy alpejskiej i siedlisk przyrodniczych. Lubi przekazywa\u0107 wiedz\u0119 na temat zr\u00f3wnowa\u017conego korzystania z zasob\u00f3w przyrodniczych oraz inspirowa\u0107 innych do dbania o \u015brodowisko. . Wolny czas najch\u0119tniej sp\u0119dza na pieszych w\u0119dr\u00f3wkach po g\u00f3rach i lasach, obserwacji przyrody i dogl\u0105daniu ogr\u00f3dka.<\/p>\n<figure id=\"attachment_1783\" aria-describedby=\"caption-attachment-1783\" style=\"width: 300px\" class=\"wp-caption alignleft\"><a href=\"http:\/\/ficedula.pl\/wp-content\/uploads\/2025\/02\/j_wyka-e1738439213722.jpg\"><img loading=\"lazy\" decoding=\"async\" class=\"size-medium wp-image-1783\" src=\"http:\/\/ficedula.pl\/wp-content\/uploads\/2025\/02\/j_wyka-e1738439213722-300x210.jpg\" alt=\"Jakub Wyka\" width=\"300\" height=\"210\" srcset=\"https:\/\/ficedula.pl\/wp-content\/uploads\/2025\/02\/j_wyka-e1738439213722-300x210.jpg 300w, https:\/\/ficedula.pl\/wp-content\/uploads\/2025\/02\/j_wyka-e1738439213722.jpg 732w\" sizes=\"auto, (max-width: 300px) 100vw, 300px\" \/><\/a><figcaption id=\"caption-attachment-1783\" class=\"wp-caption-text\">Jakub Wyka<\/figcaption><\/figure>\n<p><strong>Jakub Wyka<\/strong> &#8211; mgr in\u017c. le\u015bnictwa, absolwentka Wydzia\u0142u Le\u015bnego na Uniwersytecie Rolniczym w Krakowie (2019), doktorant w Polskiej Akademii Nauk, licencjonowany obr\u0105czkarz dzikich ptak\u00f3w, zawodowo taksator w Biurze Urz\u0105dzania Lasu i Geodezji Le\u015bnej oraz w\u0142a\u015bciciel firmy Pracownia Przyrodnicza Jakub Wyka, wcze\u015bniej podle\u015bniczy w Nadle\u015bnictwie \u0141ag\u00f3w, wykonawca monitoring\u00f3w przyrodniczych: Monitoring Rzadkich Dzi\u0119cio\u0142\u00f3w, Monitoring L\u0119gowych S\u00f3w Le\u015bnych, monitoring nadobnicy alpejskiej, uczestnik Projektu ochrony bociana bia\u0142ego na terenie Polski po\u0142udniowej, uczestnik bada\u0144 wp\u0142ywu bobr\u00f3w na ekosystemy l\u0105dowe, uczestnik bada\u0144 nad ekologi\u0105 bluszczu pospolitego. Uwielbia fotografowa\u0107 dzik\u0105 przyrod\u0119, chodzi\u0107 tropami zwierz\u0105t, gra\u0107 na gitarze i \u015bpiewa\u0107 przy ognisku.<\/p>\n<p>&nbsp;<\/p>\n","protected":false},"excerpt":{"rendered":"<p>Zuza Wyka &#8211; mgr in\u017c. le\u015bnictwa, absolwentka Wydzia\u0142u Le\u015bnego na Uniwersytecie Rolniczym w Krakowie (2019), uko\u0144czone studia podyplomowe z zakresu przygotowania pedagogicznego (2023), zawodowo starsza specjalistka ds. edukacji w \u015awi\u0119tokrzyskim Parku Narodowym, a wcze\u015bniej pracowniczka Nadle\u015bnictwa Starachowice, zajmuj\u0105ca si\u0119 edukacj\u0105 i ochron\u0105 przyrody, dodatkowo wykonawca monitoringu nadobnicy alpejskiej i siedlisk przyrodniczych. Lubi przekazywa\u0107 wiedz\u0119 na &hellip; <\/p>\n<p class=\"link-more\"><a href=\"https:\/\/ficedula.pl\/index.php\/nasi-edukatorzy\/\" class=\"more-link\">Czytaj dalej<span class=\"screen-reader-text\"> \u201eNasi edukatorzy\u201d<\/span><\/a><\/p>\n","protected":false},"author":2,"featured_media":0,"parent":0,"menu_order":0,"comment_status":"closed","ping_status":"closed","template":"","meta":{"footnotes":""},"class_list":["post-1781","page","type-page","status-publish","hentry"],"_links":{"self":[{"href":"https:\/\/ficedula.pl\/index.php\/wp-json\/wp\/v2\/pages\/1781","targetHints":{"allow":["GET"]}}],"collection":[{"href":"https:\/\/ficedula.pl\/index.php\/wp-json\/wp\/v2\/pages"}],"about":[{"href":"https:\/\/ficedula.pl\/index.php\/wp-json\/wp\/v2\/types\/page"}],"author":[{"embeddable":true,"href":"https:\/\/ficedula.pl\/index.php\/wp-json\/wp\/v2\/users\/2"}],"replies":[{"embeddable":true,"href":"https:\/\/ficedula.pl\/index.php\/wp-json\/wp\/v2\/comments?post=1781"}],"version-history":[{"count":1,"href":"https:\/\/ficedula.pl\/index.php\/wp-json\/wp\/v2\/pages\/1781\/revisions"}],"predecessor-version":[{"id":1784,"href":"https:\/\/ficedula.pl\/index.php\/wp-json\/wp\/v2\/pages\/1781\/revisions\/1784"}],"wp:attachment":[{"href":"https:\/\/ficedula.pl\/index.php\/wp-json\/wp\/v2\/media?parent=1781"}],"curies":[{"name":"wp","href":"https:\/\/api.w.org\/{rel}","templated":true}]}}