{"id":600,"date":"2022-06-07T10:02:39","date_gmt":"2022-06-07T08:02:39","guid":{"rendered":"http:\/\/ficedula.pl\/?page_id=600"},"modified":"2025-02-01T17:06:46","modified_gmt":"2025-02-01T16:06:46","slug":"kontakt","status":"publish","type":"page","link":"https:\/\/ficedula.pl\/index.php\/kontakt\/","title":{"rendered":"Kontakt"},"content":{"rendered":"\r\n<p class=\"has-text-align-center\"><strong>Dane kontaktowe<\/strong><\/p>\r\n\r\n\r\n\r\n<p><strong>Stowarzyszenie Ficedula<\/strong><br \/>ul. Sadowa 27<br \/>34-100 Wadowice<\/p>\r\n\r\n\r\n\r\n<p><strong>Tel. 1:\u00a0<\/strong>+48 888-667-166 Jakub Wyka (prezes)<br \/><strong>Tel. 2:\u00a0<\/strong>+48 530-815-262 Zuzanna Wyka (zast\u0119pczyni prezesa)<br \/><a href=\"mailto:stowarzyszenie.ficedula@gmail.com\"><strong>stowarzyszenie.ficedula@gmail.com<\/strong><\/a><\/p>\r\n\r\n\r\n\r\n<p><strong>KRS:\u00a0<\/strong>0000926865<br \/><strong>NIP:<\/strong>\u00a05512651513<br \/><strong>REGON:\u00a0<\/strong>52020125600000<\/p>\r\n\r\n\r\n\r\n\r\n\r\n\r\n\r\n\r\n\r\n<p class=\"has-text-align-center\"><br \/><strong>Wy\u015blij wiadomo\u015b\u0107:<\/strong><\/p>\r\n\r\n\r\n\r\n<div class=\"wp-block-contact-form-7-contact-form-selector\"><div role=\"form\" class=\"wpcf7\" id=\"wpcf7-f21-o1\" lang=\"pl-PL\" dir=\"ltr\">\n<div class=\"screen-reader-response\"><p role=\"status\" aria-live=\"polite\" aria-atomic=\"true\"><\/p> <ul><\/ul><\/div>\n<form action=\"\/index.php\/wp-json\/wp\/v2\/pages\/600#wpcf7-f21-o1\" method=\"post\" class=\"wpcf7-form init\" novalidate=\"novalidate\" data-status=\"init\">\n<div style=\"display: none;\">\n<input type=\"hidden\" name=\"_wpcf7\" value=\"21\" \/>\n<input type=\"hidden\" name=\"_wpcf7_version\" value=\"5.6.3\" \/>\n<input type=\"hidden\" name=\"_wpcf7_locale\" value=\"pl_PL\" \/>\n<input type=\"hidden\" name=\"_wpcf7_unit_tag\" value=\"wpcf7-f21-o1\" \/>\n<input type=\"hidden\" name=\"_wpcf7_container_post\" value=\"0\" \/>\n<input type=\"hidden\" name=\"_wpcf7_posted_data_hash\" value=\"\" \/>\n<\/div>\n<p><label> Twoje imi\u0119 i nazwisko<br \/>\n    <span class=\"wpcf7-form-control-wrap\" data-name=\"your-name\"><input type=\"text\" name=\"your-name\" value=\"\" size=\"40\" class=\"wpcf7-form-control wpcf7-text wpcf7-validates-as-required\" aria-required=\"true\" aria-invalid=\"false\" \/><\/span> <\/label><\/p>\n<p><label> Tw\u00f3j adres e-mail<br \/>\n    <span class=\"wpcf7-form-control-wrap\" data-name=\"your-email\"><input type=\"email\" name=\"your-email\" value=\"\" size=\"40\" class=\"wpcf7-form-control wpcf7-text wpcf7-email wpcf7-validates-as-required wpcf7-validates-as-email\" aria-required=\"true\" aria-invalid=\"false\" \/><\/span> <\/label><\/p>\n<p><label> Temat<br \/>\n    <span class=\"wpcf7-form-control-wrap\" data-name=\"your-subject\"><input type=\"text\" name=\"your-subject\" value=\"\" size=\"40\" class=\"wpcf7-form-control wpcf7-text wpcf7-validates-as-required\" aria-required=\"true\" aria-invalid=\"false\" \/><\/span> <\/label><\/p>\n<p><label> Twoja wiadomo\u015b\u0107<br \/>\n    <span class=\"wpcf7-form-control-wrap\" data-name=\"your-message\"><textarea name=\"your-message\" cols=\"40\" rows=\"10\" class=\"wpcf7-form-control wpcf7-textarea\" aria-invalid=\"false\"><\/textarea><\/span> <\/label><\/p>\n<p><span class=\"wpcf7-form-control-wrap\" data-name=\"accept-this-1\"><span class=\"wpcf7-form-control wpcf7-acceptance\"><span class=\"wpcf7-list-item\"><label><input type=\"checkbox\" name=\"accept-this-1\" value=\"1\" aria-invalid=\"false\" \/><span class=\"wpcf7-list-item-label\"><font size=\"2\">Wyra\u017cam zgod\u0119 na przetwarzanie danych osobowych przez Stowarzyszenie Ficedula, ul. Sadowa 27, 34-100 Wadowice w zakresie niezb\u0119dnym do realizacji obs\u0142ugi niniejszego zg\u0142oszenia. Zapozna\u0142em si\u0119 z tre\u015bci\u0105 informacji o sposobie przetwarzania danych osobowych dost\u0119pn\u0105 w <a href=\"http:\/\/ficedula.pl\/wp-content\/uploads\/2022\/05\/rodo_formularz_kontaktowy.pdf\" data-type=\"URL\" data-id=\"http:\/\/ficedula.pl\/wp-content\/uploads\/2022\/05\/rodo_formularz_kontaktowy.pdf\" target=\"_blank\" rel=\"noreferrer noopener\">za\u0142\u0105czniku<\/a>.<\/font><\/span><\/label><\/span><\/span><\/span><\/p>\n<p><input type=\"submit\" value=\"Wy\u015blij\" class=\"wpcf7-form-control has-spinner wpcf7-submit\" \/><\/p>\n<div class=\"wpcf7-response-output\" aria-hidden=\"true\"><\/div><\/form><\/div><\/div>\r\n","protected":false},"excerpt":{"rendered":"<p>Dane kontaktowe Stowarzyszenie Ficedulaul. Sadowa 2734-100 Wadowice Tel. 1:\u00a0+48 888-667-166 Jakub Wyka (prezes)Tel. 2:\u00a0+48 530-815-262 Zuzanna Wyka (zast\u0119pczyni prezesa)stowarzyszenie.ficedula@gmail.com KRS:\u00a00000926865NIP:\u00a05512651513REGON:\u00a052020125600000 Wy\u015blij wiadomo\u015b\u0107:<\/p>\n","protected":false},"author":2,"featured_media":0,"parent":0,"menu_order":0,"comment_status":"closed","ping_status":"closed","template":"","meta":{"footnotes":""},"class_list":["post-600","page","type-page","status-publish","hentry"],"_links":{"self":[{"href":"https:\/\/ficedula.pl\/index.php\/wp-json\/wp\/v2\/pages\/600","targetHints":{"allow":["GET"]}}],"collection":[{"href":"https:\/\/ficedula.pl\/index.php\/wp-json\/wp\/v2\/pages"}],"about":[{"href":"https:\/\/ficedula.pl\/index.php\/wp-json\/wp\/v2\/types\/page"}],"author":[{"embeddable":true,"href":"https:\/\/ficedula.pl\/index.php\/wp-json\/wp\/v2\/users\/2"}],"replies":[{"embeddable":true,"href":"https:\/\/ficedula.pl\/index.php\/wp-json\/wp\/v2\/comments?post=600"}],"version-history":[{"count":14,"href":"https:\/\/ficedula.pl\/index.php\/wp-json\/wp\/v2\/pages\/600\/revisions"}],"predecessor-version":[{"id":1684,"href":"https:\/\/ficedula.pl\/index.php\/wp-json\/wp\/v2\/pages\/600\/revisions\/1684"}],"wp:attachment":[{"href":"https:\/\/ficedula.pl\/index.php\/wp-json\/wp\/v2\/media?parent=600"}],"curies":[{"name":"wp","href":"https:\/\/api.w.org\/{rel}","templated":true}]}}