{"id":601,"date":"2022-06-07T10:02:39","date_gmt":"2022-06-07T08:02:39","guid":{"rendered":"http:\/\/ficedula.pl\/?page_id=601"},"modified":"2023-12-27T18:51:08","modified_gmt":"2023-12-27T17:51:08","slug":"przekaz-darowizne","status":"publish","type":"page","link":"https:\/\/ficedula.pl\/index.php\/przekaz-darowizne\/","title":{"rendered":"Przeka\u017c darowizn\u0119"},"content":{"rendered":"\n<h3 class=\"wp-block-heading\">Przeka\u017c darowizn\u0119<\/h3>\n\n\n\n<p>Dzi\u0119ki otrzymanemu wsparciu finansowemu Stowarzyszenie Ficedula b\u0119dzie mog\u0142o skuteczniej dzia\u0142a\u0107 na rzecz przyrody i edukacji spo\u0142ecze\u0144stwa. Ka\u017cda kwota jest dla nas bardzo wa\u017cna.&nbsp;<\/p>\n\n\n\n<p>Numer konta bankowego Stowarzyszenia Ficedula:<\/p>\n\n\n\n<p><strong>31 1600 1462 1807 0293 8000 0001<\/strong> &#8211; bank BNP Paribas S.A.<\/p>\n\n\n\n<p>Tytu\u0142em: darowizna na cele statutowe<\/p>\n\n\n\n<p>Dzi\u0119kujemy za ka\u017cd\u0105 wp\u0142at\u0119!<\/p>\n","protected":false},"excerpt":{"rendered":"<p>Przeka\u017c darowizn\u0119 Dzi\u0119ki otrzymanemu wsparciu finansowemu Stowarzyszenie Ficedula b\u0119dzie mog\u0142o skuteczniej dzia\u0142a\u0107 na rzecz przyrody i edukacji spo\u0142ecze\u0144stwa. Ka\u017cda kwota jest dla nas bardzo wa\u017cna.&nbsp; Numer konta bankowego Stowarzyszenia Ficedula: 31 1600 1462 1807 0293 8000 0001 &#8211; bank BNP Paribas S.A. Tytu\u0142em: darowizna na cele statutowe Dzi\u0119kujemy za ka\u017cd\u0105 wp\u0142at\u0119!<\/p>\n","protected":false},"author":2,"featured_media":0,"parent":0,"menu_order":0,"comment_status":"closed","ping_status":"closed","template":"","meta":{"footnotes":""},"class_list":["post-601","page","type-page","status-publish","hentry"],"_links":{"self":[{"href":"https:\/\/ficedula.pl\/index.php\/wp-json\/wp\/v2\/pages\/601","targetHints":{"allow":["GET"]}}],"collection":[{"href":"https:\/\/ficedula.pl\/index.php\/wp-json\/wp\/v2\/pages"}],"about":[{"href":"https:\/\/ficedula.pl\/index.php\/wp-json\/wp\/v2\/types\/page"}],"author":[{"embeddable":true,"href":"https:\/\/ficedula.pl\/index.php\/wp-json\/wp\/v2\/users\/2"}],"replies":[{"embeddable":true,"href":"https:\/\/ficedula.pl\/index.php\/wp-json\/wp\/v2\/comments?post=601"}],"version-history":[{"count":6,"href":"https:\/\/ficedula.pl\/index.php\/wp-json\/wp\/v2\/pages\/601\/revisions"}],"predecessor-version":[{"id":1462,"href":"https:\/\/ficedula.pl\/index.php\/wp-json\/wp\/v2\/pages\/601\/revisions\/1462"}],"wp:attachment":[{"href":"https:\/\/ficedula.pl\/index.php\/wp-json\/wp\/v2\/media?parent=601"}],"curies":[{"name":"wp","href":"https:\/\/api.w.org\/{rel}","templated":true}]}}