{"id":637,"date":"2022-06-07T11:55:40","date_gmt":"2022-06-07T09:55:40","guid":{"rendered":"http:\/\/ficedula.pl\/?page_id=637"},"modified":"2022-06-12T18:32:22","modified_gmt":"2022-06-12T16:32:22","slug":"statut","status":"publish","type":"page","link":"https:\/\/ficedula.pl\/index.php\/statut\/","title":{"rendered":"Statut"},"content":{"rendered":"\n<p class=\"has-medium-font-size\"><strong>Statut Stowarzszenia Ficedula<\/strong><\/p>\n\n\n\n<p><a href=\"https:\/\/ficedula.pl\/wp-content\/uploads\/2022\/06\/statut_stowarzyszenia_ficedula-1.pdf\" data-type=\"URL\" data-id=\"https:\/\/ficedula.pl\/wp-content\/uploads\/2022\/06\/statut_stowarzyszenia_ficedula-1.pdf\" target=\"_blank\" rel=\"noreferrer noopener\">Pe\u0142na tre\u015b\u0107 statutu &#8211; kliknij<\/a><\/p>\n\n\n\n<p class=\"has-white-color has-text-color\">_<\/p>\n\n\n\n<p><strong>Cele statutowe Stowarzyszenia Ficedula:<\/strong><\/p>\n\n\n\n<ol class=\"wp-block-list\" type=\"1\"><li>Dzia\u0142alno\u015b\u0107 na rzecz ochrony przyrody, zw\u0142aszcza w zakresie ochrony dziko \u017cyj\u0105cych zwierz\u0105t, ro\u015blin, grzyb\u00f3w oraz siedlisk przyrodniczych;<\/li><li>Przeciwdzia\u0142anie wszelkim formom i przejawom patologii spo\u0142ecznej, <br>w tym m.in. narkomanii, alkoholizmowi, przemocy i uzale\u017cnieniom behawioralnym;<\/li><li>Popularyzowanie poznawania przyrody jako alternatywnej formy sp\u0119dzania wolnego czasu, niwelowanie zespo\u0142u deficytu natury, kszta\u0142towanie przyjaznych przyrodzie postaw spo\u0142ecznych;<\/li><li>Przeciwdzia\u0142anie wykluczeniu spo\u0142ecznemu, integracja spo\u0142eczna i aktywizacja zawodowa os\u00f3b zagro\u017conych wykluczeniem ze szczeg\u00f3lnym uwzgl\u0119dnieniem os\u00f3b niepe\u0142nosprawnych, rodzin wychowuj\u0105cych dzieci, os\u00f3b zagro\u017conych ub\u00f3stwem, senior\u00f3w.&nbsp;<\/li><\/ol>\n\n\n\n<p class=\"has-white-color has-text-color\">_<\/p>\n\n\n\n<p><strong>Stowarzyszenie realizuje swoje cele przez:<\/strong><\/p>\n\n\n\n<ol class=\"wp-block-list\" type=\"1\"><li>Badania naukowe, monitoring, inwentaryzacje populacji zwierz\u0105t, ro\u015blin, grzyb\u00f3w oraz siedlisk przyrodniczych;<\/li><li>Czynn\u0105 ochron\u0119 przyrody;<\/li><li>Opracowanie, wdra\u017canie i udzia\u0142 w programach edukacyjnych i spo\u0142ecznych;<\/li><li>Organizowanie i prowadzenie szkole\u0144, warsztat\u00f3w, seminari\u00f3w, konferencji, zaj\u0119\u0107 edukacyjnych, integracyjnych i sportowych, prelekcji i imprez kulturalnych w ramach edukacji ekologicznej, przyrodniczej, spo\u0142ecznej oraz dzia\u0142alno\u015bci w\u0142asnej;<\/li><li>Organizowanie i prowadzenie wyjazd\u00f3w o charakterze integracyjnym, edukacyjnym, poznawczym i rozwojowym;<\/li><li>Opracowanie, wydawanie materia\u0142\u00f3w, sprzeda\u017c i dystrybucj\u0119 materia\u0142\u00f3w naukowych, popularnonaukowych i promocyjnych zwi\u0105zanych z ochron\u0105 przyrody i dzia\u0142alno\u015bci\u0105 Stowarzyszenia;<\/li><li>Wykonywanie i opracowywanie ekspertyz dotycz\u0105cych zwierz\u0105t, ro\u015blin, grzyb\u00f3w oraz siedlisk przyrodniczych;<\/li><li>Opiniowanie i wypowiadanie si\u0119 w kwestii plan\u00f3w zagospodarowania przestrzennego oraz wszelkich dzia\u0142a\u0144 mog\u0105cych stanowi\u0107 zagro\u017cenie dla przyrody;<\/li><li>Finansowe, rzeczowe i informacyjne wspieranie rozwoju nauki dla ochrony przyrody;<\/li><li>Organizowanie i finansowanie konkurs\u00f3w fotograficznych, plastycznych i literackich zwi\u0105zanych z przyrod\u0105;<\/li><li>Pozyskiwanie \u015brodk\u00f3w finansowych i rzeczowych na cele zwi\u0105zane z ochron\u0105 przyrody;<\/li><li>Udzielanie informacji o swojej dzia\u0142alno\u015bci, wsp\u00f3\u0142praca z mediami (prasa, radio, telewizja) oraz mediami elektronicznymi;<\/li><li>Wsp\u00f3\u0142praca z osobami fizycznymi oraz z osobami prawnymi, w tym z organizacjami pozarz\u0105dowymi, przedsi\u0119biorcami i przedsi\u0119biorstwami;<\/li><li>Wsp\u00f3\u0142praca z jednostkami i instytucjami publicznymi, w\u0142adzami pa\u0144stwowymi i samorz\u0105dowymi;<\/li><li>Powo\u0142ywanie fundacji;<\/li><li>Dzier\u017caw\u0119 i wykup grunt\u00f3w w celu ochrony dziko \u017cyj\u0105cej fauny, flory, grzyb\u00f3w oraz siedlisk przyrodniczych;<\/li><li>Podejmowanie wszystkich innych legalnych dzia\u0142a\u0144 uznawanych za sprzyjaj\u0105ce realizacji cel\u00f3w statutowych.<\/li><\/ol>\n\n\n\n<p><\/p>\n","protected":false},"excerpt":{"rendered":"<p>Statut Stowarzszenia Ficedula Pe\u0142na tre\u015b\u0107 statutu &#8211; kliknij _ Cele statutowe Stowarzyszenia Ficedula: Dzia\u0142alno\u015b\u0107 na rzecz ochrony przyrody, zw\u0142aszcza w zakresie ochrony dziko \u017cyj\u0105cych zwierz\u0105t, ro\u015blin, grzyb\u00f3w oraz siedlisk przyrodniczych; Przeciwdzia\u0142anie wszelkim formom i przejawom patologii spo\u0142ecznej, w tym m.in. narkomanii, alkoholizmowi, przemocy i uzale\u017cnieniom behawioralnym; Popularyzowanie poznawania przyrody jako alternatywnej formy sp\u0119dzania wolnego czasu, &hellip; <\/p>\n<p class=\"link-more\"><a href=\"https:\/\/ficedula.pl\/index.php\/statut\/\" class=\"more-link\">Czytaj dalej<span class=\"screen-reader-text\"> \u201eStatut\u201d<\/span><\/a><\/p>\n","protected":false},"author":2,"featured_media":0,"parent":0,"menu_order":0,"comment_status":"closed","ping_status":"closed","template":"","meta":{"footnotes":""},"class_list":["post-637","page","type-page","status-publish","hentry"],"_links":{"self":[{"href":"https:\/\/ficedula.pl\/index.php\/wp-json\/wp\/v2\/pages\/637","targetHints":{"allow":["GET"]}}],"collection":[{"href":"https:\/\/ficedula.pl\/index.php\/wp-json\/wp\/v2\/pages"}],"about":[{"href":"https:\/\/ficedula.pl\/index.php\/wp-json\/wp\/v2\/types\/page"}],"author":[{"embeddable":true,"href":"https:\/\/ficedula.pl\/index.php\/wp-json\/wp\/v2\/users\/2"}],"replies":[{"embeddable":true,"href":"https:\/\/ficedula.pl\/index.php\/wp-json\/wp\/v2\/comments?post=637"}],"version-history":[{"count":13,"href":"https:\/\/ficedula.pl\/index.php\/wp-json\/wp\/v2\/pages\/637\/revisions"}],"predecessor-version":[{"id":742,"href":"https:\/\/ficedula.pl\/index.php\/wp-json\/wp\/v2\/pages\/637\/revisions\/742"}],"wp:attachment":[{"href":"https:\/\/ficedula.pl\/index.php\/wp-json\/wp\/v2\/media?parent=637"}],"curies":[{"name":"wp","href":"https:\/\/api.w.org\/{rel}","templated":true}]}}