{"id":674,"date":"2022-06-07T13:01:41","date_gmt":"2022-06-07T11:01:41","guid":{"rendered":"https:\/\/ficedula.pl\/?page_id=674"},"modified":"2025-02-01T18:50:54","modified_gmt":"2025-02-01T17:50:54","slug":"poznajemy-przyrode-beskidow","status":"publish","type":"page","link":"https:\/\/ficedula.pl\/index.php\/poznajemy-przyrode-beskidow\/","title":{"rendered":"Poznajemy przyrod\u0119 Beskid\u00f3w"},"content":{"rendered":"\r\n<p style=\"text-align: left;\" align=\"justify\"><strong>Celem projektu &#8220;Poznajemy przyrod\u0119 Beskid\u00f3w&#8221; jest zwi\u0119kszenie wiedzy przyrodniczej oraz promowanie postaw proekologicznych w\u015br\u00f3d os\u00f3b korzystaj\u0105cych ze \u015bcie\u017cki, w tym g\u0142\u00f3wnie mieszka\u0144c\u00f3w Wadowic, poprzez stworzenie \u015bcie\u017cki przyrodniczej.<\/strong><\/p>\r\n<p align=\"justify\"><strong>O projekcie w mediach:<\/strong><\/p>\r\n<ul>\r\n<li><a href=\"https:\/\/wadowice.pl\/powstala-sciezka-edukacyjna-o-przyrodzie-beskidow\/\" target=\"_blank\" rel=\"noopener\">Powsta\u0142a \u015bcie\u017cka edukacyjna o przyrodzie Beskid\u00f3w (wadowice.pl)<\/a><\/li>\r\n<li><a href=\"https:\/\/gazetakrakowska.pl\/zeskanuj-kod-i-poznawaj-beskidy-w-wadowicach-powstala-edukacyjna-sciezka-edukacyjna-przyrodnicza\/ar\/c7-16997415\" target=\"_blank\" rel=\"noopener\">Zeskanuj kod i poznawaj Beskidy. W Wadowicach powsta\u0142a edukacyjna \u015bciezka przyrodnicza (Gazeta Krakowska)<\/a><\/li>\r\n<\/ul>\r\n<p style=\"text-align: left;\" align=\"justify\">\u015acie\u017cka przyrodnicza pn. \u201ePrzyroda Beskid\u00f3w\u201d stanowi dope\u0142nienie istniej\u0105cej infrastruktury turystycznej zlokalizowanej przy trasie pieszo-rowerowej Wadowice \u2013 Ponikiew. S\u0105 to tabliczki z kodami QR. Po zeskanowaniu kod\u00f3w QR przez aplikacj\u0119 pobran\u0105 na telefon, kod przekieruje do stron internetowych, kt\u00f3re b\u0119d\u0105 opisywa\u0107 otaczaj\u0105c\u0105 przyrod\u0119. Tre\u015b\u0107 poruszana na kolejnych punktach \u015bcie\u017cki, b\u0119dzie opisywa\u0107 aspekty przyrodnicze Beskid\u00f3w: opisywane s\u0105 m.in. rzeka Skawa, beskidzkie drzewostany, dzikie zwierz\u0119ta, drapie\u017cniki, ptaki, ro\u015bliny runa le\u015bnego, kultura wo\u0142oska itp. Opisy przybli\u017canych temat\u00f3w uzupe\u0142nione zosta\u0142y zdj\u0119ciami oraz filmikami.<\/p>\r\n<figure id=\"attachment_1289\" aria-describedby=\"caption-attachment-1289\" style=\"width: 300px\" class=\"wp-caption alignnone\"><a href=\"http:\/\/ficedula.pl\/wp-content\/uploads\/2022\/10\/2.jpg\"><img loading=\"lazy\" decoding=\"async\" class=\"wp-image-1289 size-medium\" src=\"http:\/\/ficedula.pl\/wp-content\/uploads\/2022\/10\/2-300x200.jpg\" alt=\"Montowanie tabliczek z kodami QR (fot. Stowarzyszenie Ficedula)\" width=\"300\" height=\"200\" srcset=\"https:\/\/ficedula.pl\/wp-content\/uploads\/2022\/10\/2-300x200.jpg 300w, https:\/\/ficedula.pl\/wp-content\/uploads\/2022\/10\/2-768x512.jpg 768w, https:\/\/ficedula.pl\/wp-content\/uploads\/2022\/10\/2.jpg 1000w\" sizes=\"auto, (max-width: 300px) 100vw, 300px\" \/><\/a><figcaption id=\"caption-attachment-1289\" class=\"wp-caption-text\">Montowanie tabliczek z kodami QR (fot. Stowarzyszenie Ficedula)<\/figcaption><\/figure>\r\n<p align=\"justify\"><a href=\"https:\/\/ficedula.pl\/index.php\/sciezka-edukacyjna-przyroda-beskidow\/\" target=\"_blank\" rel=\"noopener\"><strong>\u015acie\u017cka przyrodnicza Przyroda Beskid\u00f3w (kliknij i zobacz)<\/strong><\/a><\/p>\r\n<!-- \/wp:post-content -->\r\n\r\n<!-- wp:paragraph {\"style\":{\"typography\":{\"fontSize\":\"12px\"}}} -->\r\n<figure class=\"wp-block-image size-full\"><img loading=\"lazy\" decoding=\"async\" width=\"1000\" height=\"125\" class=\"wp-image-892\" src=\"https:\/\/ficedula.pl\/wp-content\/uploads\/2022\/09\/logo_karpackie_inicjatywy_lokalne.jpg\" alt=\"\" srcset=\"https:\/\/ficedula.pl\/wp-content\/uploads\/2022\/09\/logo_karpackie_inicjatywy_lokalne.jpg 1000w, https:\/\/ficedula.pl\/wp-content\/uploads\/2022\/09\/logo_karpackie_inicjatywy_lokalne-300x38.jpg 300w, https:\/\/ficedula.pl\/wp-content\/uploads\/2022\/09\/logo_karpackie_inicjatywy_lokalne-768x96.jpg 768w\" sizes=\"auto, (max-width: 767px) 89vw, (max-width: 1000px) 54vw, (max-width: 1071px) 543px, 580px\" \/><\/figure>\r\n<p><!-- \/wp:paragraph -->\r\n\r\n<!-- wp:paragraph {\"style\":{\"typography\":{\"fontSize\":\"14px\"}}} --><\/p>\r\n<p style=\"font-size: 14px;\">Projekt wsp\u00f3\u0142finansowany z \u015brodk\u00f3w ze \u015brodk\u00f3w otrzymanych od Narodowego Instytutu Wolno\u015bci \u2013 Centrum Rozwoju Spo\u0142ecze\u0144stwa Obywatelskiego w ramach Rz\u0105dowego Programu Fundusz Inicjatyw Obywatelskich NOWEFIO na lata 2021-2030 za po\u015brednictwem Stowarzyszenia na Rzecz Rozwoju i Promocji Podkarpacia \u201ePro Carpathia\u201d.<\/p>\r\n<p><!-- wp:paragraph {\"style\":{\"typography\":{\"fontSize\":\"10px\"}}} --><\/p>\r\n<p style=\"font-size: 12px;\">Termin realizacji: 01.05.2022-30.11.2022<\/p>\r\n<p><!-- \/wp:paragraph -->\r\n\r\n<!-- wp:image {\"id\":743,\"sizeSlug\":\"large\",\"linkDestination\":\"none\"} \/--><\/p>","protected":false},"excerpt":{"rendered":"<p>Celem projektu &#8220;Poznajemy przyrod\u0119 Beskid\u00f3w&#8221; jest zwi\u0119kszenie wiedzy przyrodniczej oraz promowanie postaw proekologicznych w\u015br\u00f3d os\u00f3b korzystaj\u0105cych ze \u015bcie\u017cki, w tym g\u0142\u00f3wnie mieszka\u0144c\u00f3w Wadowic, poprzez stworzenie \u015bcie\u017cki przyrodniczej. O projekcie w mediach: Powsta\u0142a \u015bcie\u017cka edukacyjna o przyrodzie Beskid\u00f3w (wadowice.pl) Zeskanuj kod i poznawaj Beskidy. W Wadowicach powsta\u0142a edukacyjna \u015bciezka przyrodnicza (Gazeta Krakowska) \u015acie\u017cka przyrodnicza pn. \u201ePrzyroda &hellip; <\/p>\n<p class=\"link-more\"><a href=\"https:\/\/ficedula.pl\/index.php\/poznajemy-przyrode-beskidow\/\" class=\"more-link\">Czytaj dalej<span class=\"screen-reader-text\"> \u201ePoznajemy przyrod\u0119 Beskid\u00f3w\u201d<\/span><\/a><\/p>\n","protected":false},"author":2,"featured_media":0,"parent":0,"menu_order":0,"comment_status":"closed","ping_status":"closed","template":"","meta":{"footnotes":""},"class_list":["post-674","page","type-page","status-publish","hentry"],"_links":{"self":[{"href":"https:\/\/ficedula.pl\/index.php\/wp-json\/wp\/v2\/pages\/674","targetHints":{"allow":["GET"]}}],"collection":[{"href":"https:\/\/ficedula.pl\/index.php\/wp-json\/wp\/v2\/pages"}],"about":[{"href":"https:\/\/ficedula.pl\/index.php\/wp-json\/wp\/v2\/types\/page"}],"author":[{"embeddable":true,"href":"https:\/\/ficedula.pl\/index.php\/wp-json\/wp\/v2\/users\/2"}],"replies":[{"embeddable":true,"href":"https:\/\/ficedula.pl\/index.php\/wp-json\/wp\/v2\/comments?post=674"}],"version-history":[{"count":13,"href":"https:\/\/ficedula.pl\/index.php\/wp-json\/wp\/v2\/pages\/674\/revisions"}],"predecessor-version":[{"id":1728,"href":"https:\/\/ficedula.pl\/index.php\/wp-json\/wp\/v2\/pages\/674\/revisions\/1728"}],"wp:attachment":[{"href":"https:\/\/ficedula.pl\/index.php\/wp-json\/wp\/v2\/media?parent=674"}],"curies":[{"name":"wp","href":"https:\/\/api.w.org\/{rel}","templated":true}]}}