{"id":747,"date":"2022-06-12T18:36:55","date_gmt":"2022-06-12T16:36:55","guid":{"rendered":"https:\/\/ficedula.pl\/?page_id=747"},"modified":"2022-10-23T22:38:09","modified_gmt":"2022-10-23T20:38:09","slug":"sciezka-edukacyjna-przyroda-beskidow","status":"publish","type":"page","link":"https:\/\/ficedula.pl\/index.php\/sciezka-edukacyjna-przyroda-beskidow\/","title":{"rendered":"\u015acie\u017cka edukacyjna &#8220;Przyroda Beskid\u00f3w&#8221;"},"content":{"rendered":"\n<p><strong>Beskidy s\u0105 krain\u0105 g\u00f3r, las\u00f3w, \u0142\u0105k, potok\u00f3w, dzikich zwierz\u0105t i osad ludzkich. To miejsce, gdzie natura przenika si\u0119 z cz\u0142owiekiem, a mimo to, wci\u0105\u017c pozostaje dzika i w wielu miejscach niedost\u0119pna. Zadaniem \u015bcie\u017cki edukacyjnej Przyroda Beskid\u00f3w jest przybli\u017cenie czytelnikom, przewa\u017cnie spaceruj\u0105cym \u015bcie\u017ck\u0105 pieszo-rowerow\u0105 Wadowice-Ponikiew, wybranych zagadnie\u0144 zwi\u0105zanych z beskidzk\u0105 przyrod\u0105. Wadowice zosta\u0142y ulokowane u wr\u00f3t Beskidu Ma\u0142ego, a okoliczne lasy s\u0105 miejscem wyst\u0119powania wielu gatunk\u00f3w ro\u015blin i zwierz\u0105t.<\/strong><\/p>\n\n\n\n<p>\u015acie\u017ck\u0119 edukacyjn\u0105 Przyroda Beskid\u00f3w tworzy 16 przystank\u00f3w. S\u0105 to tabliczki z kodami QR przymocowane do \u0142aweczek zlokalizowanych przy \u015bcie\u017cce pieszo-rowerowej. Skanuj\u0105c kody, zostan\u0105 Pa\u0144stwo przekierowani do tre\u015bci poszczeg\u00f3lnych przystank\u00f3w opisuj\u0105cych przyrod\u0119 g\u00f3r.  <\/p>\n\n\n\n<div class=\"wp-block-group\"><div class=\"wp-block-group__inner-container is-layout-flow wp-block-group-is-layout-flow\">\n<figure class=\"wp-block-gallery has-nested-images columns-default is-cropped wp-block-gallery-1 is-layout-flex wp-block-gallery-is-layout-flex\">\n<figure class=\"wp-block-image size-large\"><a href=\"https:\/\/ficedula.pl\/wp-content\/uploads\/2022\/10\/sciezka_edu_1-2.jpg\"><img loading=\"lazy\" decoding=\"async\" width=\"1024\" height=\"768\" data-id=\"1272\" src=\"https:\/\/ficedula.pl\/wp-content\/uploads\/2022\/10\/sciezka_edu_1-2-1024x768.jpg\" alt=\"\u0141aweczka z zamontowan\u0105 tabliczk\u0105 z kodem QR\" class=\"wp-image-1272\" srcset=\"https:\/\/ficedula.pl\/wp-content\/uploads\/2022\/10\/sciezka_edu_1-2-1024x768.jpg 1024w, https:\/\/ficedula.pl\/wp-content\/uploads\/2022\/10\/sciezka_edu_1-2-300x225.jpg 300w, https:\/\/ficedula.pl\/wp-content\/uploads\/2022\/10\/sciezka_edu_1-2-768x576.jpg 768w, https:\/\/ficedula.pl\/wp-content\/uploads\/2022\/10\/sciezka_edu_1-2.jpg 1200w\" sizes=\"auto, (max-width: 767px) 89vw, (max-width: 1000px) 54vw, (max-width: 1071px) 543px, 580px\" \/><\/a><figcaption>\u0141aweczka z zamontowan\u0105 tabliczk\u0105 z kodem QR<\/figcaption><\/figure>\n\n\n\n<figure class=\"wp-block-image size-large\"><a href=\"https:\/\/ficedula.pl\/wp-content\/uploads\/2022\/10\/sciezka_edu_2.jpg\"><img loading=\"lazy\" decoding=\"async\" width=\"600\" height=\"800\" data-id=\"1271\" src=\"https:\/\/ficedula.pl\/wp-content\/uploads\/2022\/10\/sciezka_edu_2.jpg\" alt=\"Wygl\u0105d tabliczki z kodem QR\" class=\"wp-image-1271\" srcset=\"https:\/\/ficedula.pl\/wp-content\/uploads\/2022\/10\/sciezka_edu_2.jpg 600w, https:\/\/ficedula.pl\/wp-content\/uploads\/2022\/10\/sciezka_edu_2-225x300.jpg 225w\" sizes=\"auto, (max-width: 600px) 100vw, 600px\" \/><\/a><figcaption>Wygl\u0105d tabliczki z kodem QR<\/figcaption><\/figure>\n<\/figure>\n<\/div><\/div>\n\n\n\n<p>Mamy \u015bwiadomo\u015b\u0107, \u017ce \u015bcie\u017cka nie ods\u0142oni przed Pa\u0144stwem wszystkich kart wiedzy na temat beskidzkiej przyrody. By w pe\u0142ni opisa\u0107 przyrod\u0119 Beskid\u00f3w trzeba by kilkutomowej encyklopedii. Jednak gor\u0105co wierzymy, \u017ce \u015bcie\u017cka edukacyjna cho\u0107 troch\u0119 Pa\u0144stwa zaciekawi i zach\u0119ci do dalszego poznawania g\u00f3rskiej fauny i flory.<\/p>\n\n\n\n<p><strong>Przystanki \u015bcie\u017cki edukacyjnej &#8220;Przyroda Beskid\u00f3w&#8221;:<\/strong><\/p>\n\n\n\n<ol class=\"wp-block-list\"><li><a rel=\"noreferrer noopener\" href=\"https:\/\/ficedula.pl\/index.php\/przyroda-beskidow-przystanek-1\/\" data-type=\"URL\" data-id=\"https:\/\/ficedula.pl\/index.php\/przyroda-beskidow-przystanek-1\/\" target=\"_blank\">Beskidy<\/a><\/li><li><a rel=\"noreferrer noopener\" href=\"https:\/\/ficedula.pl\/index.php\/przyroda-beskidow-przystanek-2\/\" data-type=\"URL\" data-id=\"https:\/\/ficedula.pl\/index.php\/przyroda-beskidow-przystanek-2\/\" target=\"_blank\">Lasy Beskid\u00f3w<\/a><\/li><li><a rel=\"noreferrer noopener\" href=\"https:\/\/ficedula.pl\/index.php\/przyroda-beskidow-przystanek-3\/\" data-type=\"URL\" data-id=\"https:\/\/ficedula.pl\/index.php\/przyroda-beskidow-przystanek-3\/\" target=\"_blank\">Ssaki<\/a><\/li><li><a rel=\"noreferrer noopener\" href=\"https:\/\/ficedula.pl\/index.php\/przyroda-beskidow-przystanek-4\/\" data-type=\"URL\" data-id=\"https:\/\/ficedula.pl\/index.php\/przyroda-beskidow-przystanek-4\/\" target=\"_blank\">Du\u017ce drapie\u017cniki<\/a><\/li><li><a rel=\"noreferrer noopener\" href=\"https:\/\/ficedula.pl\/index.php\/przyroda-beskidow-przystanek-5\/\" data-type=\"URL\" data-id=\"https:\/\/ficedula.pl\/index.php\/przyroda-beskidow-przystanek-5\/\" target=\"_blank\">Rykowisko<\/a><\/li><li><a rel=\"noreferrer noopener\" href=\"https:\/\/ficedula.pl\/index.php\/przyroda-beskidow-przystanek-6\/\" data-type=\"URL\" data-id=\"https:\/\/ficedula.pl\/index.php\/przyroda-beskidow-przystanek-6\/\" target=\"_blank\">Skawa<\/a><\/li><li><a rel=\"noreferrer noopener\" href=\"https:\/\/ficedula.pl\/index.php\/przyroda-beskidow-przystanek-7\/\" data-type=\"URL\" data-id=\"https:\/\/ficedula.pl\/index.php\/przyroda-beskidow-przystanek-7\/\" target=\"_blank\">Bobry<\/a><\/li><li><a rel=\"noreferrer noopener\" href=\"https:\/\/ficedula.pl\/index.php\/przyroda-beskidow-przystanek-8\/\" data-type=\"URL\" data-id=\"https:\/\/ficedula.pl\/index.php\/przyroda-beskidow-przystanek-8\/\" target=\"_blank\">Wo\u0142osi<\/a><\/li><li><a rel=\"noreferrer noopener\" href=\"https:\/\/ficedula.pl\/index.php\/przyroda-beskidow-przystanek-9\/\" data-type=\"URL\" data-id=\"https:\/\/ficedula.pl\/index.php\/przyroda-beskidow-przystanek-9\/\" target=\"_blank\">Martwe drewno<\/a><\/li><li><a rel=\"noreferrer noopener\" href=\"https:\/\/ficedula.pl\/index.php\/przyroda-beskidow-przystanek-10\/\" data-type=\"URL\" data-id=\"https:\/\/ficedula.pl\/index.php\/przyroda-beskidow-przystanek-10\/\" target=\"_blank\">Ochrona przyrody<\/a><\/li><li><a rel=\"noreferrer noopener\" href=\"https:\/\/ficedula.pl\/index.php\/przyroda-beskidow-przystanek-11\/\" data-type=\"URL\" data-id=\"https:\/\/ficedula.pl\/index.php\/przyroda-beskidow-przystanek-11\/\" target=\"_blank\">Sowy<\/a><\/li><li><a rel=\"noreferrer noopener\" href=\"https:\/\/ficedula.pl\/index.php\/przyroda-beskidow-przystanek-12\/\" data-type=\"URL\" data-id=\"https:\/\/ficedula.pl\/index.php\/przyroda-beskidow-przystanek-12\/\" target=\"_blank\">Ptaki drapie\u017cne<\/a><\/li><li><a rel=\"noreferrer noopener\" href=\"https:\/\/ficedula.pl\/index.php\/przyroda-beskidow-przystanek-13\/\" data-type=\"URL\" data-id=\"https:\/\/ficedula.pl\/index.php\/przyroda-beskidow-przystanek-13\/\" target=\"_blank\">Ptaki<\/a><\/li><li><a rel=\"noreferrer noopener\" href=\"https:\/\/ficedula.pl\/index.php\/przyroda-beskidow-przystanek-14\/\" data-type=\"URL\" data-id=\"https:\/\/ficedula.pl\/index.php\/przyroda-beskidow-przystanek-14\/\" target=\"_blank\">Ficedula<\/a><\/li><li><a rel=\"noreferrer noopener\" href=\"https:\/\/ficedula.pl\/index.php\/przyroda-beskidow-przystanek-15\/\" data-type=\"URL\" data-id=\"https:\/\/ficedula.pl\/index.php\/przyroda-beskidow-przystanek-15\/\" target=\"_blank\">P\u0142azy i gady<\/a><\/li><li><a rel=\"noreferrer noopener\" href=\"https:\/\/ficedula.pl\/index.php\/przyroda-beskidow-przystanek-16\/\" data-type=\"URL\" data-id=\"https:\/\/ficedula.pl\/index.php\/przyroda-beskidow-przystanek-16\/\" target=\"_blank\">Turystyka<\/a><\/li><\/ol>\n\n\n\n<p>Je\u015bli chcieliby Pa\u0144stwo odnie\u015b\u0107 si\u0119 do tre\u015bci poszczeg\u00f3lnych przystank\u00f3w np. w celu uzyskania wi\u0119kszej ilo\u015bci informacji lub by przekaza\u0107 uwagi do tekstu, b\u0119dziemy wdzi\u0119czni za ka\u017cd\u0105 wiadomo\u015b\u0107. Mo\u017cna si\u0119 z nami skontaktowa\u0107 za po\u015brednictwem <a rel=\"noreferrer noopener\" href=\"https:\/\/ficedula.pl\/index.php\/kontakt\/\" data-type=\"URL\" data-id=\"https:\/\/ficedula.pl\/index.php\/kontakt\/\" target=\"_blank\">formularza kontaktowego<\/a> lub przy pomocy <a rel=\"noreferrer noopener\" href=\"https:\/\/www.facebook.com\/stowarzyszenieficedula\" data-type=\"URL\" data-id=\"https:\/\/www.facebook.com\/stowarzyszenieficedula\" target=\"_blank\">Facebooka<\/a>. <\/p>\n\n\n\n<p class=\"has-white-color has-text-color\">_<\/p>\n\n\n\n<figure class=\"wp-block-image size-full\"><img loading=\"lazy\" decoding=\"async\" width=\"1000\" height=\"125\" src=\"https:\/\/ficedula.pl\/wp-content\/uploads\/2022\/09\/logo_karpackie_inicjatywy_lokalne.jpg\" alt=\"\" class=\"wp-image-892\" srcset=\"https:\/\/ficedula.pl\/wp-content\/uploads\/2022\/09\/logo_karpackie_inicjatywy_lokalne.jpg 1000w, https:\/\/ficedula.pl\/wp-content\/uploads\/2022\/09\/logo_karpackie_inicjatywy_lokalne-300x38.jpg 300w, https:\/\/ficedula.pl\/wp-content\/uploads\/2022\/09\/logo_karpackie_inicjatywy_lokalne-768x96.jpg 768w\" sizes=\"auto, (max-width: 767px) 89vw, (max-width: 1000px) 54vw, (max-width: 1071px) 543px, 580px\" \/><\/figure>\n\n\n\n<p style=\"font-size:10px\">Inicjatywa &#8220;Poznajemy przyrod\u0119 Beskid\u00f3w&#8221; finansowana ze \u015brodk\u00f3w otrzymanych od Narodowego Instytutu Wolno\u015bci &#8211; Centrum Rozwoju Spo\u0142ecze\u0144stwa Obywatelskiego w ramach Rz\u0105dowego Programu Fundusz Inicjatyw Obywatelskich NOWEFIO na lata 2021-2030 za po\u015brednictwem Stowarzyszenia na Rzecz Rozwoju i Promocji Podkarpacia \u201ePro Carpathia\u201d.<\/p>\n","protected":false},"excerpt":{"rendered":"<p>Beskidy s\u0105 krain\u0105 g\u00f3r, las\u00f3w, \u0142\u0105k, potok\u00f3w, dzikich zwierz\u0105t i osad ludzkich. To miejsce, gdzie natura przenika si\u0119 z cz\u0142owiekiem, a mimo to, wci\u0105\u017c pozostaje dzika i w wielu miejscach niedost\u0119pna. Zadaniem \u015bcie\u017cki edukacyjnej Przyroda Beskid\u00f3w jest przybli\u017cenie czytelnikom, przewa\u017cnie spaceruj\u0105cym \u015bcie\u017ck\u0105 pieszo-rowerow\u0105 Wadowice-Ponikiew, wybranych zagadnie\u0144 zwi\u0105zanych z beskidzk\u0105 przyrod\u0105. Wadowice zosta\u0142y ulokowane u wr\u00f3t &hellip; <\/p>\n<p class=\"link-more\"><a href=\"https:\/\/ficedula.pl\/index.php\/sciezka-edukacyjna-przyroda-beskidow\/\" class=\"more-link\">Czytaj dalej<span class=\"screen-reader-text\"> \u201e\u015acie\u017cka edukacyjna &#8220;Przyroda Beskid\u00f3w&#8221;\u201d<\/span><\/a><\/p>\n","protected":false},"author":2,"featured_media":0,"parent":0,"menu_order":0,"comment_status":"closed","ping_status":"closed","template":"","meta":{"footnotes":""},"class_list":["post-747","page","type-page","status-publish","hentry"],"_links":{"self":[{"href":"https:\/\/ficedula.pl\/index.php\/wp-json\/wp\/v2\/pages\/747","targetHints":{"allow":["GET"]}}],"collection":[{"href":"https:\/\/ficedula.pl\/index.php\/wp-json\/wp\/v2\/pages"}],"about":[{"href":"https:\/\/ficedula.pl\/index.php\/wp-json\/wp\/v2\/types\/page"}],"author":[{"embeddable":true,"href":"https:\/\/ficedula.pl\/index.php\/wp-json\/wp\/v2\/users\/2"}],"replies":[{"embeddable":true,"href":"https:\/\/ficedula.pl\/index.php\/wp-json\/wp\/v2\/comments?post=747"}],"version-history":[{"count":20,"href":"https:\/\/ficedula.pl\/index.php\/wp-json\/wp\/v2\/pages\/747\/revisions"}],"predecessor-version":[{"id":1294,"href":"https:\/\/ficedula.pl\/index.php\/wp-json\/wp\/v2\/pages\/747\/revisions\/1294"}],"wp:attachment":[{"href":"https:\/\/ficedula.pl\/index.php\/wp-json\/wp\/v2\/media?parent=747"}],"curies":[{"name":"wp","href":"https:\/\/api.w.org\/{rel}","templated":true}]}}