{"id":856,"date":"2022-09-06T11:50:00","date_gmt":"2022-09-06T09:50:00","guid":{"rendered":"http:\/\/ficedula.pl\/?page_id=856"},"modified":"2022-10-23T00:43:35","modified_gmt":"2022-10-22T22:43:35","slug":"przyroda-beskidow-przystanek-12","status":"publish","type":"page","link":"https:\/\/ficedula.pl\/index.php\/przyroda-beskidow-przystanek-12\/","title":{"rendered":"Przyroda Beskid\u00f3w &#8211; Przystanek 12: Ptaki drapie\u017cne"},"content":{"rendered":"\n<p><strong>Obfituj\u0105ce w pokarm beskidzkie \u0142\u0105ki s\u0105 doskona\u0142ymi terenami \u0142owieckimi, na kt\u00f3rych mo\u017cna spotka\u0107 wiele gatunk\u00f3w ptak\u00f3w drapie\u017cnych. <\/strong><\/p>\n\n\n\n<figure class=\"wp-block-image size-large\"><img loading=\"lazy\" decoding=\"async\" width=\"1024\" height=\"683\" src=\"https:\/\/ficedula.pl\/wp-content\/uploads\/2022\/10\/myszolow-1024x683.jpg\" alt=\"\" class=\"wp-image-1243\" srcset=\"https:\/\/ficedula.pl\/wp-content\/uploads\/2022\/10\/myszolow-1024x683.jpg 1024w, https:\/\/ficedula.pl\/wp-content\/uploads\/2022\/10\/myszolow-300x200.jpg 300w, https:\/\/ficedula.pl\/wp-content\/uploads\/2022\/10\/myszolow-768x512.jpg 768w, https:\/\/ficedula.pl\/wp-content\/uploads\/2022\/10\/myszolow.jpg 1200w\" sizes=\"auto, (max-width: 767px) 89vw, (max-width: 1000px) 54vw, (max-width: 1071px) 543px, 580px\" \/><figcaption>Najliczniejszym ptakiem drapie\u017cnym Beskid\u00f3w jest myszo\u0142\u00f3w (fot. Jakub Wyka)<\/figcaption><\/figure>\n\n\n\n<p>Najpospolitszym przedstawicielem krajowych ptak\u00f3w drapie\u017cnych nie jest jastrz\u0105b, jak powiedzia\u0142aby wi\u0119kszo\u015b\u0107 os\u00f3b, a myszo\u0142\u00f3w. Myszo\u0142owy zak\u0142adaj\u0105 gniazda nawet w stosunkowo niewielkich, izolowanych kompleksach le\u015bnych. Mo\u017cna je \u0142atwo obserwowa\u0107 gdy czatuj\u0105 na swoj\u0105 ofiar\u0119 (najcz\u0119\u015bciej jest to mysz lub nornica) siedz\u0105c na eksponowanym drzewie lub linii energetycznej. Rozpi\u0119to\u015b\u0107 skrzyde\u0142 myszo\u0142owa wynosi ok. 120-130 cm. <\/p>\n\n\n\n<p>Wspomniany wcze\u015bniej jastrz\u0105b to ptak bardzo skryty. Jastrz\u0119bie mo\u017cna najcz\u0119\u015bciej obserwowa\u0107 gdy kr\u0105\u017c\u0105 w kominie powietrznym, jednak wi\u0119kszo\u015b\u0107 czasu sp\u0119dzaj\u0105 wewn\u0105trz las\u00f3w. G\u0142\u00f3wnym pokarmem jastrz\u0119bia s\u0105 dzikie go\u0142\u0119bie &#8211; grzywacze, sierp\u00f3wki, siniaki (st\u0105d nazwa &#8220;go\u0142\u0119biarz&#8221;), ptaki krukowate i drozdy. Rozpi\u0119to\u015b\u0107 skrzyde\u0142 jastrz\u0119bia wynosi ok. 110-120 cm.<\/p>\n\n\n\n<p>Jeszcze bardziej skrytym gatunkiem od jastrz\u0119bia jest trzmielojad. Jak sama nazwa wskazuje, trzmielojady \u017cywi\u0105 si\u0119 trzmielami, ale r\u00f3wnie\u017c innymi b\u0142onk\u00f3wkami &#8211; osami, pszczo\u0142ami. Rozpi\u0119to\u015b\u0107 skrzyde\u0142 trzmielojada jest podobna jak u myszo\u0142owa. <\/p>\n\n\n\n<figure class=\"wp-block-image size-large\"><img loading=\"lazy\" decoding=\"async\" width=\"1024\" height=\"625\" src=\"https:\/\/ficedula.pl\/wp-content\/uploads\/2022\/10\/czatowanie-1024x625.jpg\" alt=\"\" class=\"wp-image-1190\" srcset=\"https:\/\/ficedula.pl\/wp-content\/uploads\/2022\/10\/czatowanie-1024x625.jpg 1024w, https:\/\/ficedula.pl\/wp-content\/uploads\/2022\/10\/czatowanie-300x183.jpg 300w, https:\/\/ficedula.pl\/wp-content\/uploads\/2022\/10\/czatowanie-768x469.jpg 768w, https:\/\/ficedula.pl\/wp-content\/uploads\/2022\/10\/czatowanie.jpg 1200w\" sizes=\"auto, (max-width: 767px) 89vw, (max-width: 1000px) 54vw, (max-width: 1071px) 543px, 580px\" \/><figcaption>Myszo\u0142owy i orliki cz\u0119sto wykorzystuj\u0105 samotne drzewa jako czatownie (fot. Jakub Wyka)<\/figcaption><\/figure>\n\n\n\n<p>Bardzo zbli\u017conym do jastrz\u0119bia gatunkiem jest krogulec (nazywany tak\u017ce &#8220;jastrz\u0119biem wr\u00f3blarzem&#8221;), kt\u00f3ry ze wzgl\u0119du na mniejszy rozmiar cia\u0142a, poluje g\u0142\u00f3wnie na mniejsze ptaki np. sikory. Krogulca mo\u017cna cz\u0119sto zaobserwowa\u0107 zim\u0105, gdy poluje na ptaki w przydomowym karmniku. <\/p>\n\n\n\n<p>Orlik krzykliwy to ptak zamieszkuj\u0105cy g\u0142\u00f3wnie wschodni\u0105 cz\u0119\u015b\u0107 Beskid\u00f3w &#8211; od Beskidu S\u0105deckiego, przez Beskid Niski gdzie notuje si\u0119 najwy\u017csze zag\u0119szczenia orlik\u00f3w, a\u017c po Bieszczady. \u0141\u0105cznie w ca\u0142ych Beskidach \u017cyje oko\u0142o 350 par orlik\u00f3w krzykliwych. Orliki s\u0105 nieco wi\u0119ksze od myszo\u0142ow\u00f3w i jastrz\u0119bi, rozpi\u0119to\u015b\u0107 skrzyde\u0142 orlika krzykliwego wynosi oko\u0142o 150 cm. G\u0142\u00f3wny pokarm orlik\u00f3w stanowi\u0105 gryzonie, kt\u00f3re ptaki cz\u0119sto \u0142api\u0105 w\u0119druj\u0105c po \u0142\u0105ce. Co istotne, orlik krzykliwy oraz opisany wcze\u015bniej trzmielojad to migranci d\u0142ugodystansowi &#8211; ich zimowiska znajduj\u0105 si\u0119 w centralnej i po\u0142udniowej Afryce. <\/p>\n\n\n\n<p>Kr\u00f3lem beskidzkiego nieba jest jednak zdecydowanie inny gatunek, ni\u017c wymienione wcze\u015bniej &#8211; orze\u0142 przedni. Rozpi\u0119to\u015b\u0107 skrzyde\u0142 or\u0142\u00f3w przednich wynosi oko\u0142o 2 metr\u00f3w, a maksymalna szybko\u015b\u0107 w locie to nawet 320 km\/h. Tak\u0105 pr\u0119dko\u015b\u0107 orze\u0142 osi\u0105ga pikuj\u0105c w d\u00f3\u0142 za ofiar\u0105. G\u0142\u00f3wny pokarm or\u0142\u00f3w s\u0105 \u015bredniej wielko\u015bci ptaki i ssaki np. lisy, kuny, zaj\u0105ce, m\u0142ode sarny. &#8220;Przedniaki&#8221; ch\u0119tnie korzystaj\u0105 z padliny pozostawionej przez ssaki drapie\u017cne. Or\u0142y przednie gniazduj\u0105 w miejscach odleg\u0142ych od siedzib ludzkich, wewn\u0105trz rozleg\u0142ych kompleks\u00f3w le\u015bnych. Gniazda zak\u0142adane s\u0105 najcz\u0119\u015bciej na jod\u0142ach, porastaj\u0105cych strome zbocza lub w\u0105wozy. Ponadto, ptaki wykorzystuj\u0105 do \u017cerowania obszary, na kt\u00f3rych prowadzona jest ekstensywna gospodarka rolna. O wysokich wymaganiach w wyborze miejsca rozrodu \u015bwiadczy fakt, \u017ce w polskiej cz\u0119\u015bci Beskid\u00f3w gniazduje jedynie oko\u0142o 20 par or\u0142\u00f3w przednich.<\/p>\n\n\n\n<figure class=\"wp-block-image size-large\"><img loading=\"lazy\" decoding=\"async\" width=\"1024\" height=\"683\" src=\"https:\/\/ficedula.pl\/wp-content\/uploads\/2022\/10\/orzel_fot_Zenon_Wojtas-1024x683.jpg\" alt=\"\" class=\"wp-image-1126\" srcset=\"https:\/\/ficedula.pl\/wp-content\/uploads\/2022\/10\/orzel_fot_Zenon_Wojtas-1024x683.jpg 1024w, https:\/\/ficedula.pl\/wp-content\/uploads\/2022\/10\/orzel_fot_Zenon_Wojtas-300x200.jpg 300w, https:\/\/ficedula.pl\/wp-content\/uploads\/2022\/10\/orzel_fot_Zenon_Wojtas-768x512.jpg 768w, https:\/\/ficedula.pl\/wp-content\/uploads\/2022\/10\/orzel_fot_Zenon_Wojtas-1536x1025.jpg 1536w, https:\/\/ficedula.pl\/wp-content\/uploads\/2022\/10\/orzel_fot_Zenon_Wojtas.jpg 2048w\" sizes=\"auto, (max-width: 767px) 89vw, (max-width: 1000px) 54vw, (max-width: 1071px) 543px, 580px\" \/><figcaption>Orze\u0142 przedni i kruki przy padlinie jelenia (fot. Zenon Wojtas, <a href=\"https:\/\/www.facebook.com\/profile.php?id=100050403703448\" target=\"_blank\" rel=\"noreferrer noopener\">Wilcze G\u00f3ry<\/a>)<\/figcaption><\/figure>\n\n\n\n<p>W przypadku znalezienia gniazda or\u0142a przedniego lub orlika krzykliwego, mo\u017cna to zg\u0142osi\u0107 do Regionalnej Dyrekcji Ochrony \u015arodowiska, a w miejscu tym zostanie utworzona strefa ochronna, wewn\u0105trz kt\u00f3rej nie b\u0119dzie prowadzona gospodarka le\u015bna.&nbsp;<\/p>\n\n\n\n<p>Do g\u0142\u00f3wnych zagro\u017ce\u0144 dla ptak\u00f3w drapie\u017cnych w Beskidach nale\u017c\u0105: zaniechanie u\u017cytkowania rolniczego grunt\u00f3w, w wyniku czego nast\u0119puje zarastanie \u0142\u0105k, rozproszona zabudowa, kt\u00f3ra ogranicza tereny \u017cerowiskowe oraz niepokojenie, zw\u0142aszcza w okresie l\u0119gowym. Ponadto, ptaki drapie\u017cne cz\u0119sto padaj\u0105 \u0142upem k\u0142usownik\u00f3w lub gin\u0105, zjadaj\u0105c zatrut\u0105 padlin\u0119. <\/p>\n\n\n\n<p><\/p>\n\n\n\n<p><strong>Literatura uzupe\u0142niaj\u0105ca:<\/strong><\/p>\n\n\n\n<ul class=\"wp-block-list\"><li><a href=\"http:\/\/www.ptakikarpat.pl\/pl\/do-pobrania.html\" data-type=\"URL\" data-id=\"http:\/\/www.ptakikarpat.pl\/pl\/do-pobrania.html\">Ptaki polskich Karpat<\/a> &#8211; ksi\u0105\u017cka z aktualn\u0105 wiedz\u0105 na temat rzadkich i zagro\u017conych gatunk\u00f3w ptak\u00f3w polskich Karpat<\/li><\/ul>\n\n\n\n<p class=\"has-white-color has-text-color\">_<\/p>\n\n\n\n<figure class=\"wp-block-image size-full\"><img loading=\"lazy\" decoding=\"async\" width=\"1000\" height=\"125\" src=\"https:\/\/ficedula.pl\/wp-content\/uploads\/2022\/09\/logo_karpackie_inicjatywy_lokalne.jpg\" alt=\"\" class=\"wp-image-892\" srcset=\"https:\/\/ficedula.pl\/wp-content\/uploads\/2022\/09\/logo_karpackie_inicjatywy_lokalne.jpg 1000w, https:\/\/ficedula.pl\/wp-content\/uploads\/2022\/09\/logo_karpackie_inicjatywy_lokalne-300x38.jpg 300w, https:\/\/ficedula.pl\/wp-content\/uploads\/2022\/09\/logo_karpackie_inicjatywy_lokalne-768x96.jpg 768w\" sizes=\"auto, (max-width: 767px) 89vw, (max-width: 1000px) 54vw, (max-width: 1071px) 543px, 580px\" \/><\/figure>\n\n\n\n<p style=\"font-size:10px\">Inicjatywa &#8220;Poznajemy przyrod\u0119 Beskid\u00f3w&#8221; finansowana ze \u015brodk\u00f3w otrzymanych od Narodowego Instytutu Wolno\u015bci &#8211; Centrum Rozwoju Spo\u0142ecze\u0144stwa Obywatelskiego w ramach Rz\u0105dowego Programu Fundusz Inicjatyw Obywatelskich NOWEFIO na lata 2021-2030 za po\u015brednictwem Stowarzyszenia na Rzecz Rozwoju i Promocji Podkarpacia \u201ePro Carpathia\u201d<\/p>\n","protected":false},"excerpt":{"rendered":"<p>Obfituj\u0105ce w pokarm beskidzkie \u0142\u0105ki s\u0105 doskona\u0142ymi terenami \u0142owieckimi, na kt\u00f3rych mo\u017cna spotka\u0107 wiele gatunk\u00f3w ptak\u00f3w drapie\u017cnych. Najpospolitszym przedstawicielem krajowych ptak\u00f3w drapie\u017cnych nie jest jastrz\u0105b, jak powiedzia\u0142aby wi\u0119kszo\u015b\u0107 os\u00f3b, a myszo\u0142\u00f3w. Myszo\u0142owy zak\u0142adaj\u0105 gniazda nawet w stosunkowo niewielkich, izolowanych kompleksach le\u015bnych. Mo\u017cna je \u0142atwo obserwowa\u0107 gdy czatuj\u0105 na swoj\u0105 ofiar\u0119 (najcz\u0119\u015bciej jest to mysz lub &hellip; <\/p>\n<p class=\"link-more\"><a href=\"https:\/\/ficedula.pl\/index.php\/przyroda-beskidow-przystanek-12\/\" class=\"more-link\">Czytaj dalej<span class=\"screen-reader-text\"> \u201ePrzyroda Beskid\u00f3w &#8211; Przystanek 12: Ptaki drapie\u017cne\u201d<\/span><\/a><\/p>\n","protected":false},"author":1,"featured_media":0,"parent":0,"menu_order":0,"comment_status":"closed","ping_status":"closed","template":"","meta":{"footnotes":""},"class_list":["post-856","page","type-page","status-publish","hentry"],"_links":{"self":[{"href":"https:\/\/ficedula.pl\/index.php\/wp-json\/wp\/v2\/pages\/856","targetHints":{"allow":["GET"]}}],"collection":[{"href":"https:\/\/ficedula.pl\/index.php\/wp-json\/wp\/v2\/pages"}],"about":[{"href":"https:\/\/ficedula.pl\/index.php\/wp-json\/wp\/v2\/types\/page"}],"author":[{"embeddable":true,"href":"https:\/\/ficedula.pl\/index.php\/wp-json\/wp\/v2\/users\/1"}],"replies":[{"embeddable":true,"href":"https:\/\/ficedula.pl\/index.php\/wp-json\/wp\/v2\/comments?post=856"}],"version-history":[{"count":15,"href":"https:\/\/ficedula.pl\/index.php\/wp-json\/wp\/v2\/pages\/856\/revisions"}],"predecessor-version":[{"id":1245,"href":"https:\/\/ficedula.pl\/index.php\/wp-json\/wp\/v2\/pages\/856\/revisions\/1245"}],"wp:attachment":[{"href":"https:\/\/ficedula.pl\/index.php\/wp-json\/wp\/v2\/media?parent=856"}],"curies":[{"name":"wp","href":"https:\/\/api.w.org\/{rel}","templated":true}]}}