{"id":860,"date":"2022-09-06T11:52:29","date_gmt":"2022-09-06T09:52:29","guid":{"rendered":"http:\/\/ficedula.pl\/?page_id=860"},"modified":"2022-10-23T00:49:20","modified_gmt":"2022-10-22T22:49:20","slug":"przyroda-beskidow-przystanek-14","status":"publish","type":"page","link":"https:\/\/ficedula.pl\/index.php\/przyroda-beskidow-przystanek-14\/","title":{"rendered":"Przyroda Beskid\u00f3w &#8211; Przystanek 14: Ficedula"},"content":{"rendered":"\n<p><strong>Stowarzyszenie Ficedula zosta\u0142o za\u0142o\u017cone w 2021 roku z inicjatywy mi\u0142o\u015bnik\u00f3w przyrody, zafiksowanych na punkcie g\u00f3r, starych drzew, drapie\u017cnik\u00f3w \u2013 zar\u00f3wno tych chodz\u0105cych jak i lataj\u0105cych oraz wielogodzinnych rozm\u00f3w przy ognisku na tematy zwi\u0105zane z cz\u0142owiekiem i przyrod\u0105.<\/strong><\/p>\n\n\n\n<p>G\u0142\u00f3wn\u0105 misj\u0105 stowarzyszenia jest dzia\u0142alno\u015b\u0107 na rzecz ochrony przyrody, a zw\u0142aszcza dzikich zwierz\u0105t, ro\u015blin, grzyb\u00f3w i siedlisk le\u015bnych. Popularyzujemy poznawanie przyrody jako alternatywn\u0105 form\u0119 sp\u0119dzania wolnego czasu.<\/p>\n\n\n\n<figure class=\"wp-block-image size-large\"><img loading=\"lazy\" decoding=\"async\" width=\"1024\" height=\"768\" src=\"https:\/\/ficedula.pl\/wp-content\/uploads\/2022\/10\/ficedula2-1024x768.jpg\" alt=\"\" class=\"wp-image-1246\" srcset=\"https:\/\/ficedula.pl\/wp-content\/uploads\/2022\/10\/ficedula2-1024x768.jpg 1024w, https:\/\/ficedula.pl\/wp-content\/uploads\/2022\/10\/ficedula2-300x225.jpg 300w, https:\/\/ficedula.pl\/wp-content\/uploads\/2022\/10\/ficedula2-768x576.jpg 768w, https:\/\/ficedula.pl\/wp-content\/uploads\/2022\/10\/ficedula2.jpg 1200w\" sizes=\"auto, (max-width: 767px) 89vw, (max-width: 1000px) 54vw, (max-width: 1071px) 543px, 580px\" \/><figcaption>Zaj\u0119cia przyrodnicze dla dzieci (fot. Jakub Wyka)<\/figcaption><\/figure>\n\n\n\n<p>Nasze zaj\u0119cia edukacyjne kierowane s\u0105 zar\u00f3wno do najm\u0142odszych, m\u0142odzie\u017cy, jak i doros\u0142ych os\u00f3b. Bardzo cenimy obecno\u015b\u0107 r\u00f3\u017cnych grup spo\u0142ecznych na naszych aktywno\u015bciach, poniewa\u017c uwa\u017camy, \u017ce wzajemne zrozumienie i dialog to warto\u015b\u0107 dodana do integracji spo\u0142ecznej. <\/p>\n\n\n\n<figure class=\"wp-block-image size-large\"><img loading=\"lazy\" decoding=\"async\" width=\"1024\" height=\"768\" src=\"https:\/\/ficedula.pl\/wp-content\/uploads\/2022\/10\/ficedula1-1024x768.jpg\" alt=\"\" class=\"wp-image-1249\" srcset=\"https:\/\/ficedula.pl\/wp-content\/uploads\/2022\/10\/ficedula1-1024x768.jpg 1024w, https:\/\/ficedula.pl\/wp-content\/uploads\/2022\/10\/ficedula1-300x225.jpg 300w, https:\/\/ficedula.pl\/wp-content\/uploads\/2022\/10\/ficedula1-768x576.jpg 768w, https:\/\/ficedula.pl\/wp-content\/uploads\/2022\/10\/ficedula1.jpg 1200w\" sizes=\"auto, (max-width: 767px) 89vw, (max-width: 1000px) 54vw, (max-width: 1071px) 543px, 580px\" \/><figcaption>Warsztaty terenowe na Jaroszowickiej G\u00f3rze (fot. Zuzanna Wyka)<\/figcaption><\/figure>\n\n\n\n<p>Uczestnik\u00f3w prowadzonych przez nas warsztat\u00f3w przyrodniczych oswajamy z natur\u0105, zach\u0119caj\u0105c do poznawania otaczaj\u0105cego nas \u015bwiata wszystkimi zmys\u0142ami, nie tylko wzrokiem. Podczas wsp\u00f3lnych wyj\u015b\u0107 w teren omawiamy zauwa\u017cone tropy zwierz\u0105t, staramy si\u0119 rozszyfrowa\u0107 zas\u0142yszane d\u017awi\u0119ki oraz dotykamy r\u00f3\u017cnych faktur \u2013 ziemi, kory czy li\u015bci. Nasze wycieczki staramy si\u0119 uatrakcyjnia\u0107 przer\u00f3\u017cnymi dodatkami i ciekawostkami edukacyjnymi, o kt\u00f3rych najlepiej przekona\u0107 si\u0119 bior\u0105c samemu udzia\u0142 w spacerach. Chcemy zbudowa\u0107 poczucie przynale\u017cno\u015bci do natury i rozbudzi\u0107 ch\u0119\u0107 poznawania jej samemu.<\/p>\n\n\n\n<p><strong>Wybrane dzia\u0142ania Stowarzyszenia Ficedula:<\/strong><\/p>\n\n\n\n<ul class=\"wp-block-list\"><li><strong><em>Poznajemy zapylacze &#8211; warsztaty edukacyjne dla dzieci i m\u0142odzie\u017cy<\/em> <\/strong>&#8211; projekt edukacyjny skierowany do dzieci i m\u0142odzie\u017cy z gminy Wadowice. Projekt mia\u0142 na celu przybli\u017cy\u0107 sylwetk\u0119 pszczo\u0142y miodnej i dziko \u017cyj\u0105cych zapylaczy oraz zwr\u00f3ci\u0107 uwag\u0119 na rol\u0119 zapylaczy w produkcji ro\u015blinnej.<\/li><li> <strong><em>Uzale\u017cnieni od przyrody!<\/em> <\/strong>&#8211; projekt edukacyjny kierowany do mieszka\u0144c\u00f3w gminy Nowa S\u0142upia. Projekt mia\u0142 na celu poznawanie przyrody i promowanie sp\u0119dzania wolnego czasu blisko natury. Oswoili\u015bmy pobyt w lesie zar\u00f3wno w dzie\u0144, jak i w nocy. Dodatkowo nasi najm\u0142odsi uczestnicy wzi\u0119li udzia\u0142 w stacjonarnych zaj\u0119ciach przyrodniczych.<\/li><li><em><strong>Akcja Karmnik <\/strong><\/em>&#8211; dzia\u0142anie podj\u0119te wsp\u00f3lnie ze \u015awi\u0119tokrzyskim Parkiem Narodowym, maj\u0105ce na celu badanie ptak\u00f3w zimuj\u0105cych na obszarach zurbanizowanych za pomoc\u0105 obr\u0105czkowania.<\/li><li><em><strong>Poznajemy przyrod\u0119 Beskid\u00f3w<\/strong><\/em> &#8211; projekt, efektem kt\u00f3rego jest \u015bcie\u017cka edukacyjna Przyroda Beskid\u00f3w. W ramach projektu zosta\u0142y r\u00f3wnie\u017c przeprowadzone warsztaty edukacyjne dla mieszka\u0144c\u00f3w Wadowic.<\/li><\/ul>\n\n\n\n<p class=\"has-white-color has-text-color\">_<\/p>\n\n\n\n<figure class=\"wp-block-image size-full\"><img loading=\"lazy\" decoding=\"async\" width=\"1000\" height=\"125\" src=\"https:\/\/ficedula.pl\/wp-content\/uploads\/2022\/09\/logo_karpackie_inicjatywy_lokalne.jpg\" alt=\"\" class=\"wp-image-892\" srcset=\"https:\/\/ficedula.pl\/wp-content\/uploads\/2022\/09\/logo_karpackie_inicjatywy_lokalne.jpg 1000w, https:\/\/ficedula.pl\/wp-content\/uploads\/2022\/09\/logo_karpackie_inicjatywy_lokalne-300x38.jpg 300w, https:\/\/ficedula.pl\/wp-content\/uploads\/2022\/09\/logo_karpackie_inicjatywy_lokalne-768x96.jpg 768w\" sizes=\"auto, (max-width: 767px) 89vw, (max-width: 1000px) 54vw, (max-width: 1071px) 543px, 580px\" \/><\/figure>\n\n\n\n<p style=\"font-size:10px\">Inicjatywa &#8220;Poznajemy przyrod\u0119 Beskid\u00f3w&#8221; finansowana ze \u015brodk\u00f3w otrzymanych od Narodowego Instytutu Wolno\u015bci &#8211; Centrum Rozwoju Spo\u0142ecze\u0144stwa Obywatelskiego w ramach Rz\u0105dowego Programu Fundusz Inicjatyw Obywatelskich NOWEFIO na lata 2021-2030 za po\u015brednictwem Stowarzyszenia na Rzecz Rozwoju i Promocji Podkarpacia \u201ePro Carpathia\u201d.<\/p>\n","protected":false},"excerpt":{"rendered":"<p>Stowarzyszenie Ficedula zosta\u0142o za\u0142o\u017cone w 2021 roku z inicjatywy mi\u0142o\u015bnik\u00f3w przyrody, zafiksowanych na punkcie g\u00f3r, starych drzew, drapie\u017cnik\u00f3w \u2013 zar\u00f3wno tych chodz\u0105cych jak i lataj\u0105cych oraz wielogodzinnych rozm\u00f3w przy ognisku na tematy zwi\u0105zane z cz\u0142owiekiem i przyrod\u0105. G\u0142\u00f3wn\u0105 misj\u0105 stowarzyszenia jest dzia\u0142alno\u015b\u0107 na rzecz ochrony przyrody, a zw\u0142aszcza dzikich zwierz\u0105t, ro\u015blin, grzyb\u00f3w i siedlisk le\u015bnych. &hellip; <\/p>\n<p class=\"link-more\"><a href=\"https:\/\/ficedula.pl\/index.php\/przyroda-beskidow-przystanek-14\/\" class=\"more-link\">Czytaj dalej<span class=\"screen-reader-text\"> \u201ePrzyroda Beskid\u00f3w &#8211; Przystanek 14: Ficedula\u201d<\/span><\/a><\/p>\n","protected":false},"author":1,"featured_media":0,"parent":0,"menu_order":0,"comment_status":"closed","ping_status":"closed","template":"","meta":{"footnotes":""},"class_list":["post-860","page","type-page","status-publish","hentry"],"_links":{"self":[{"href":"https:\/\/ficedula.pl\/index.php\/wp-json\/wp\/v2\/pages\/860","targetHints":{"allow":["GET"]}}],"collection":[{"href":"https:\/\/ficedula.pl\/index.php\/wp-json\/wp\/v2\/pages"}],"about":[{"href":"https:\/\/ficedula.pl\/index.php\/wp-json\/wp\/v2\/types\/page"}],"author":[{"embeddable":true,"href":"https:\/\/ficedula.pl\/index.php\/wp-json\/wp\/v2\/users\/1"}],"replies":[{"embeddable":true,"href":"https:\/\/ficedula.pl\/index.php\/wp-json\/wp\/v2\/comments?post=860"}],"version-history":[{"count":14,"href":"https:\/\/ficedula.pl\/index.php\/wp-json\/wp\/v2\/pages\/860\/revisions"}],"predecessor-version":[{"id":1251,"href":"https:\/\/ficedula.pl\/index.php\/wp-json\/wp\/v2\/pages\/860\/revisions\/1251"}],"wp:attachment":[{"href":"https:\/\/ficedula.pl\/index.php\/wp-json\/wp\/v2\/media?parent=860"}],"curies":[{"name":"wp","href":"https:\/\/api.w.org\/{rel}","templated":true}]}}